{"id":721,"date":"2021-04-20T17:33:47","date_gmt":"2021-04-20T16:33:47","guid":{"rendered":"https:\/\/www.lanationcitoyenne.fr\/?page_id=721"},"modified":"2021-04-20T17:34:14","modified_gmt":"2021-04-20T16:34:14","slug":"adhesion","status":"publish","type":"page","link":"https:\/\/www.lanationcitoyenne.fr\/?page_id=721","title":{"rendered":"ADHESION"},"content":{"rendered":"\t\t<div data-elementor-type=\"wp-page\" data-elementor-id=\"721\" class=\"elementor elementor-721\">\n\t\t\t\t\t\t<section class=\"elementor-section elementor-top-section elementor-element elementor-element-2d19b70 elementor-section-boxed elementor-section-height-default elementor-section-height-default\" data-id=\"2d19b70\" data-element_type=\"section\" data-e-type=\"section\">\n\t\t\t\t\t\t<div class=\"elementor-container elementor-column-gap-default\">\n\t\t\t\t\t<div class=\"elementor-column elementor-col-100 elementor-top-column elementor-element elementor-element-41ce3ed\" data-id=\"41ce3ed\" data-element_type=\"column\" data-e-type=\"column\">\n\t\t\t<div class=\"elementor-widget-wrap elementor-element-populated\">\n\t\t\t\t\t\t<div class=\"elementor-element elementor-element-99381e0 elementor-widget elementor-widget-text-editor\" data-id=\"99381e0\" data-element_type=\"widget\" data-e-type=\"widget\" data-widget_type=\"text-editor.default\">\n\t\t\t\t<div class=\"elementor-widget-container\">\n\t\t\t\t\t\t\t\t\t<p><span style=\"color: #ffffff;\"><strong>Bonjour,<\/strong><\/span><\/p>\n<p><span style=\"color: #ffffff;\"><strong>Merci d&rsquo;avoir fait votre demande d&rsquo;adh\u00e9sion.<\/strong><\/span><\/p>\n<p><span style=\"color: #ffffff;\"><strong>V\u00e9rifiez d\u00e8s maintenant votre boite de r\u00e9ception ou votre r\u00e9pertoire d\u2019ind\u00e9sirables pour confirmer votre demande. <\/strong><\/span><\/p>\n<p><span style=\"color: #ffffff;\"><strong>Apr\u00e8s la validation de votre adh\u00e9sion par notre bureau une cotisation annuelle vous sera demand\u00e9e. <\/strong><\/span><\/p>\n<p><span style=\"color: #ffffff;\"><strong>Adh\u00e9sion membre actif : 25\u20ac. <\/strong><\/span><\/p>\n<p><span style=\"color: #ffffff;\"><strong>Adh\u00e9sion membres bienfaiteurs\/donateurs 50\u20ac.<\/strong><\/span><\/p>\t\t\t\t\t\t\t\t<\/div>\n\t\t\t\t<\/div>\n\t\t\t\t\t<\/div>\n\t\t<\/div>\n\t\t\t\t\t<\/div>\n\t\t<\/section>\n\t\t\t\t<\/div>\n\t\t","protected":false},"excerpt":{"rendered":"<p>Bonjour, Merci d&rsquo;avoir fait votre demande d&rsquo;adh\u00e9sion. V\u00e9rifiez d\u00e8s maintenant votre boite de r\u00e9ception ou votre r\u00e9pertoire d\u2019ind\u00e9sirables pour confirmer votre demande. Apr\u00e8s la validation de votre adh\u00e9sion par notre bureau une cotisation annuelle vous &hellip; <\/p>\n","protected":false},"author":2,"featured_media":0,"parent":0,"menu_order":0,"comment_status":"closed","ping_status":"closed","template":"","meta":{"footnotes":""},"class_list":["post-721","page","type-page","status-publish","hentry"],"_links":{"self":[{"href":"https:\/\/www.lanationcitoyenne.fr\/index.php?rest_route=\/wp\/v2\/pages\/721","targetHints":{"allow":["GET"]}}],"collection":[{"href":"https:\/\/www.lanationcitoyenne.fr\/index.php?rest_route=\/wp\/v2\/pages"}],"about":[{"href":"https:\/\/www.lanationcitoyenne.fr\/index.php?rest_route=\/wp\/v2\/types\/page"}],"author":[{"embeddable":true,"href":"https:\/\/www.lanationcitoyenne.fr\/index.php?rest_route=\/wp\/v2\/users\/2"}],"replies":[{"embeddable":true,"href":"https:\/\/www.lanationcitoyenne.fr\/index.php?rest_route=%2Fwp%2Fv2%2Fcomments&post=721"}],"version-history":[{"count":4,"href":"https:\/\/www.lanationcitoyenne.fr\/index.php?rest_route=\/wp\/v2\/pages\/721\/revisions"}],"predecessor-version":[{"id":725,"href":"https:\/\/www.lanationcitoyenne.fr\/index.php?rest_route=\/wp\/v2\/pages\/721\/revisions\/725"}],"wp:attachment":[{"href":"https:\/\/www.lanationcitoyenne.fr\/index.php?rest_route=%2Fwp%2Fv2%2Fmedia&parent=721"}],"curies":[{"name":"wp","href":"https:\/\/api.w.org\/{rel}","templated":true}]}}