{"id":932,"date":"2023-12-18T21:18:18","date_gmt":"2023-12-18T20:18:18","guid":{"rendered":"https:\/\/www.lanationcitoyenne.fr\/?page_id=932"},"modified":"2023-12-18T21:21:36","modified_gmt":"2023-12-18T20:21:36","slug":"prise-en-compte-demande-liste","status":"publish","type":"page","link":"https:\/\/www.lanationcitoyenne.fr\/?page_id=932","title":{"rendered":"Prise en compte demande liste"},"content":{"rendered":"\t\t<div data-elementor-type=\"wp-page\" data-elementor-id=\"932\" class=\"elementor elementor-932\">\n\t\t\t\t\t\t<section class=\"elementor-section elementor-top-section elementor-element elementor-element-a41cf35 elementor-section-boxed elementor-section-height-default elementor-section-height-default\" data-id=\"a41cf35\" data-element_type=\"section\" data-e-type=\"section\">\n\t\t\t\t\t\t<div class=\"elementor-container elementor-column-gap-default\">\n\t\t\t\t\t<div class=\"elementor-column elementor-col-100 elementor-top-column elementor-element elementor-element-3467998\" data-id=\"3467998\" data-element_type=\"column\" data-e-type=\"column\">\n\t\t\t<div class=\"elementor-widget-wrap elementor-element-populated\">\n\t\t\t\t\t\t<div class=\"elementor-element elementor-element-e1f402f elementor-widget elementor-widget-text-editor\" data-id=\"e1f402f\" data-element_type=\"widget\" data-e-type=\"widget\" data-widget_type=\"text-editor.default\">\n\t\t\t\t<div class=\"elementor-widget-container\">\n\t\t\t\t\t\t\t\t\t<p><span style=\"color: #ffffff;\"><strong>Bonjour,<\/strong><\/span><\/p><p><span style=\"color: #ffffff;\"><strong>Merci d\u2019avoir fait votre demande pour recevoir notre lettre d&rsquo;information.<\/strong><\/span><\/p><p><span style=\"color: #ffffff;\"><strong>V\u00e9rifiez d\u00e8s maintenant votre boite de r\u00e9ception ou votre r\u00e9pertoire d\u2019ind\u00e9sirables pour confirmer votre demande. <\/strong><\/span><\/p>\t\t\t\t\t\t\t\t<\/div>\n\t\t\t\t<\/div>\n\t\t\t\t\t<\/div>\n\t\t<\/div>\n\t\t\t\t\t<\/div>\n\t\t<\/section>\n\t\t\t\t<\/div>\n\t\t","protected":false},"excerpt":{"rendered":"<p>Bonjour, Merci d\u2019avoir fait votre demande pour recevoir notre lettre d&rsquo;information. V\u00e9rifiez d\u00e8s maintenant votre boite de r\u00e9ception ou votre r\u00e9pertoire d\u2019ind\u00e9sirables pour confirmer votre demande.<\/p>\n","protected":false},"author":2,"featured_media":0,"parent":0,"menu_order":0,"comment_status":"closed","ping_status":"closed","template":"","meta":{"footnotes":""},"class_list":["post-932","page","type-page","status-publish","hentry"],"_links":{"self":[{"href":"https:\/\/www.lanationcitoyenne.fr\/index.php?rest_route=\/wp\/v2\/pages\/932","targetHints":{"allow":["GET"]}}],"collection":[{"href":"https:\/\/www.lanationcitoyenne.fr\/index.php?rest_route=\/wp\/v2\/pages"}],"about":[{"href":"https:\/\/www.lanationcitoyenne.fr\/index.php?rest_route=\/wp\/v2\/types\/page"}],"author":[{"embeddable":true,"href":"https:\/\/www.lanationcitoyenne.fr\/index.php?rest_route=\/wp\/v2\/users\/2"}],"replies":[{"embeddable":true,"href":"https:\/\/www.lanationcitoyenne.fr\/index.php?rest_route=%2Fwp%2Fv2%2Fcomments&post=932"}],"version-history":[{"count":4,"href":"https:\/\/www.lanationcitoyenne.fr\/index.php?rest_route=\/wp\/v2\/pages\/932\/revisions"}],"predecessor-version":[{"id":936,"href":"https:\/\/www.lanationcitoyenne.fr\/index.php?rest_route=\/wp\/v2\/pages\/932\/revisions\/936"}],"wp:attachment":[{"href":"https:\/\/www.lanationcitoyenne.fr\/index.php?rest_route=%2Fwp%2Fv2%2Fmedia&parent=932"}],"curies":[{"name":"wp","href":"https:\/\/api.w.org\/{rel}","templated":true}]}}